{"id":2554,"date":"2020-05-28T10:32:42","date_gmt":"2020-05-28T08:32:42","guid":{"rendered":"http:\/\/www.netzwerk-depression-braunschweig.de\/?page_id=2554"},"modified":"2020-05-28T10:32:42","modified_gmt":"2020-05-28T08:32:42","slug":"fachaerzte","status":"publish","type":"page","link":"http:\/\/www.netzwerk-depression-braunschweig.de\/?page_id=2554","title":{"rendered":"Fach\u00e4rzte"},"content":{"rendered":"\n<p><strong>\u00c4rzte f\u00fcr Psychiatrie und Neurologie in ihrer N\u00e4he finden sie in der<\/strong><br><strong><a rel=\"noreferrer noopener\" href=\"http:\/\/www.arztauskunft-niedersachsen.de\/arztsuche\/index.action\" target=\"_blank\">Arztauskunft Niedersachsen. <\/a><\/strong><br>Sie k\u00f6nnen sich auch zuerst an ihren Hausarzt wenden. <br>Bei der Suche nach einem Facharzt unterst\u00fctzt die Termin-Service-Stelle der Kassen\u00e4rztlichen Vereinigung. Diese vermittelt Patienten mit einer \u00dcberweisung innerhalb von vier Wochen einen Termin bei einem Facharzt oder Psychotherapeuten. <br><strong>Telefon: (0511) 56 999 793<\/strong><\/p>\n","protected":false},"excerpt":{"rendered":"<p>\u00c4rzte f\u00fcr Psychiatrie und Neurologie in ihrer N\u00e4he finden sie in derArztauskunft Niedersachsen. Sie k\u00f6nnen sich auch zuerst an ihren Hausarzt wenden. Bei der Suche nach einem Facharzt unterst\u00fctzt die Termin-Service-Stelle der Kassen\u00e4rztlichen Vereinigung. Diese vermittelt Patienten mit einer \u00dcberweisung &hellip; <a href=\"http:\/\/www.netzwerk-depression-braunschweig.de\/?page_id=2554\">Weiterlesen <span class=\"meta-nav\">&rarr;<\/span><\/a><\/p>\n","protected":false},"author":1,"featured_media":0,"parent":0,"menu_order":0,"comment_status":"closed","ping_status":"closed","template":"","meta":{"footnotes":""},"class_list":["post-2554","page","type-page","status-publish","hentry"],"_links":{"self":[{"href":"http:\/\/www.netzwerk-depression-braunschweig.de\/index.php?rest_route=\/wp\/v2\/pages\/2554","targetHints":{"allow":["GET"]}}],"collection":[{"href":"http:\/\/www.netzwerk-depression-braunschweig.de\/index.php?rest_route=\/wp\/v2\/pages"}],"about":[{"href":"http:\/\/www.netzwerk-depression-braunschweig.de\/index.php?rest_route=\/wp\/v2\/types\/page"}],"author":[{"embeddable":true,"href":"http:\/\/www.netzwerk-depression-braunschweig.de\/index.php?rest_route=\/wp\/v2\/users\/1"}],"replies":[{"embeddable":true,"href":"http:\/\/www.netzwerk-depression-braunschweig.de\/index.php?rest_route=%2Fwp%2Fv2%2Fcomments&post=2554"}],"version-history":[{"count":1,"href":"http:\/\/www.netzwerk-depression-braunschweig.de\/index.php?rest_route=\/wp\/v2\/pages\/2554\/revisions"}],"predecessor-version":[{"id":2555,"href":"http:\/\/www.netzwerk-depression-braunschweig.de\/index.php?rest_route=\/wp\/v2\/pages\/2554\/revisions\/2555"}],"wp:attachment":[{"href":"http:\/\/www.netzwerk-depression-braunschweig.de\/index.php?rest_route=%2Fwp%2Fv2%2Fmedia&parent=2554"}],"curies":[{"name":"wp","href":"https:\/\/api.w.org\/{rel}","templated":true}]}}